{"id":9,"date":"2024-07-16T15:50:30","date_gmt":"2024-07-16T13:50:30","guid":{"rendered":"https:\/\/compassodorointernational.com\/cookie-policy\/"},"modified":"2024-11-22T09:34:37","modified_gmt":"2024-11-22T08:34:37","slug":"cookie-policy","status":"publish","type":"page","link":"https:\/\/compassodorointernational.com\/it\/cookie-policy\/","title":{"rendered":"COOKIE POLICY DEL PRESENTE SITO WEB"},"content":{"rendered":"<p><strong>Premessa<\/strong><\/p><p>La presente Cookie Policy \u00e8 redatta e fornita ad integrazione dell\u2019informativa pubblicata sul sito web <a href=\"https:\/\/www.compassodorointernational.com\">https:\/\/www.compassodorointernational.com<\/a> (\u201c<strong>Sito<\/strong>\u201d) ai sensi dell&#8217;art. 13 del Regolamento UE 2016\/679 e viene resa anche in conformit\u00e0 alle previsioni di cui ai provvedimenti del Garante per la Protezione dei Dati Personali n. 229 dell\u20198 maggio 2014 (\u201c<em>Individuazione delle modalit\u00e0 semplificate per l&#8217;informativa e l&#8217;acquisizione del consenso per l&#8217;uso dei cookie<\/em>\u201d) e n. 231 del 10 giugno 2021 (\u201c<em>Linee Guida Cookie e altri strumenti di tracciamento<\/em>\u201d) e loro successive modifiche ed integrazioni.<\/p><p>Titolare del trattamento \u00e8 ADI Associazione per il Disegno Industriale, con sede legale in Via Bramante 29, 20154 Milano, codice fiscale 80108770159 (il \u201c<strong>Titolare<\/strong>\u201d o \u201c<strong>ADI<\/strong>\u201d).&nbsp;<\/p><p>Si raccomanda vivamente a ciascun utente del Sito (\u201c<strong>Utente<\/strong>\u201d) di consultare frequentemente il presente documento, al fine di conoscere le possibili variazioni o modificazioni che potrebbero essere apportate allo stesso principalmente in dipendenza di cambiamenti normativi.<\/p><p>Nel corso della navigazione del Sito, l\u2019Utente potrebbe accedere a funzionalit\u00e0 o piattaforme di terze parti \u2013 di cui ADI non \u00e8 in alcun modo responsabile \u2013 che potrebbero rilasciare cookie e raccogliere dati personali.<\/p><p><strong>Cosa sono i cookie?<\/strong><strong><\/strong><\/p><p><a>I cookie sono di regola stringhe di testo che i siti web (cd. <em>Publisher<\/em>, o \u201cprime parti\u201d) visitati dall\u2019Utente ovvero siti o web server diversi (cd. \u201cterze parti\u201d) posizionano ed archiviano \u2013 direttamente, nel caso dei publisher e indirettamente, cio\u00e8 per il tramite di questi ultimi, nel caso delle \u201cterze parti\u201d &#8211; all\u2019interno di un dispositivo terminale nella disponibilit\u00e0 dell\u2019Utente medesimo (ad esempio, un computer, un tablet, uno smartphone, ovvero ogni altro dispositivo in grado di archiviare informazioni).<\/a><\/p><p>I software per la navigazione in internet e il funzionamento di questi dispositivi, ad esempio i browser, possono memorizzare i cookie e poi trasmetterli nuovamente ai siti che li hanno generati in occasione di una successiva visita del medesimo Utente, mantenendo cos\u00ec memoria della sua precedente interazione con uno o pi\u00f9 siti web.<\/p><p>Le informazioni codificate nei cookie includono, a titolo esemplificativo: il tipo di browser utilizzato (ad esempio, Internet Explorer o Mozilla Firefox); il nome a dominio dal quale l\u2019Utente accede ad Internet; il sito web da cui l\u2019Utente ha<\/p><p>raggiunto il Sito; la data e l\u2019ora dell\u2019accesso. Queste informazioni servono, ad esempio, per una pi\u00f9 efficiente navigazione ed uso di un sito web o sono necessarie per abilitare determinate funzionalit\u00e0, per evitare di inserire ad ogni accesso le medesime informazioni (quali, ad esempio, il nome utente e la password), per scopi statistici o per la personalizzazione di un sito secondo le preferenze dell\u2019Utente.<\/p><p><strong>Perch\u00e9 utilizziamo i cookie?<\/strong><strong><\/strong><\/p><p>Il Sito utilizza i cookie per facilitare e migliorare l\u2019esperienza di navigazione dell\u2019Utente (\u201ccookie tecnici\u201d), per analizzare l\u2019utilizzo che ciascun Utente fa del Sito e raccogliere statistiche sugli accessi (\u201ccookie analitici\u201d) e per o per garantire che i contenuti pubblicitari visualizzati online siano pi\u00f9 mirati all\u2019Utente e ai suoi interessi (\u201ccookie di profilazione\u201d).<\/p><p><strong>Quali cookie utilizziamo?<\/strong><strong><\/strong><\/p><p>Di seguito si riportano le tipologie di cookie utilizzati dal Sito, raggruppandoli in funzione delle finalit\u00e0 con cui essi vengono utilizzati.<\/p><p>Cookie tecnici<\/p><p>Si tratta di cookie il cui scopo \u00e8 di consentire il corretto funzionamento del Sito e\/o di alcune sue singole sezioni e che sono quindi indispensabili per consentire all\u2019Utente l\u2019integrale e corretta navigazione sul Sito e l\u2019utilizzo delle relative funzionalit\u00e0.<\/p><p>Tali cookie possono essere sia di sessione (ossia vengono cancellati automaticamente ogniqualvolta il browser venga chiuso) sia persistenti (ossia, anche una volta chiuso il browser, non vengono cancellati, ma persistono sino ad una data predeterminata e preimpostata). I cookie tecnici sono inviati dal Sito stesso (cosiddetti cookie di \u201cprima parte\u201d) o da domini\/siti web di terze parti (cosiddetti cookie \u201cdi terza parte\u201d).<\/p><figure class=\"wp-block-table\"><table class=\"has-fixed-layout\"><thead><tr><th>Nome<\/th><th>Fornitore<\/th><th>Scopo<\/th><th>Durata massima di archiviazione<\/th><th>Tipo<\/th><\/tr><\/thead><tbody><tr><td>1.gif<\/td><td><a target=\"_blank\" rel=\"noreferrer noopener\" href=\"https:\/\/www.cookiebot.com\/goto\/privacy-policy\/\">Cookiebot<\/a><\/td><td>Utilizzato per contare il numero di sessioni del sito web, necessario per ottimizzare la consegna dei prodotti CMP.<\/td><td>Sessione<\/td><td>Pixel Tracker<\/td><\/tr><tr><td>CookieConsent<\/td><td><a target=\"_blank\" rel=\"noreferrer noopener\" href=\"https:\/\/www.cookiebot.com\/goto\/privacy-policy\/\">Cookiebot<\/a><\/td><td>Memorizza lo stato del consenso ai cookie dell&#8217;utente per il dominio corrente<\/td><td>1 anno<\/td><td>Cookie HTTP<\/td><\/tr><tr><td>PHPSESSID<\/td><td>compassodorointernational.com<\/td><td>Preserva gli stati dell&#8217;utente nelle diverse pagine del sito.<\/td><td>Sessione<\/td><td>Cookie HTTP<\/td><\/tr><tr><td>storeApiNonce<\/td><td>compassodorointernational.com<\/td><td>Necessario per la funzionalit\u00e0 del carrello acquisti sul sito web.<\/td><td>Persistente<\/td><td>Archiviazione locale HTML<\/td><\/tr><\/tbody><\/table><\/figure><p>Cookie analitici<\/p><p>I cookie di questa categoria (cosiddetti \u201ccookie analytics\u201d o semplicemente \u201canalytics\u201d) vengono utilizzati per collezionare informazioni in forma anonima sull\u2019uso del Sito. Il Sito utilizza queste informazioni per ottenere analisi statistiche anonime al fine di migliorarne l\u2019utilizzo e per rendere i contenuti pi\u00f9 allineati alle esigenze tecniche degli Utenti. I cookie analitici sono inviati da domini \/ siti web di terze parti (cosiddetti cookie \u201cdi terza parte\u201d).<\/p><figure class=\"wp-block-table\"><table class=\"has-fixed-layout\"><thead><tr><th>Nome<\/th><th>Fornitore<\/th><th>Scopo<\/th><th>Durata massima di archiviazione<\/th><th>Tipo<\/th><\/tr><\/thead><tbody><tr><td>_ga<\/td><td><a target=\"_blank\" rel=\"noreferrer noopener\" href=\"https:\/\/business.safety.google\/privacy\/\">Google<\/a><\/td><td>Utilizzato per inviare dati a Google Analytics in merito al dispositivo e al comportamento dell&#8217;utente. Tiene traccia dell&#8217;utente su dispositivi e canali di marketing.<\/td><td>2 anni<\/td><td>Cookie HTTP<\/td><\/tr><tr><td>_ga_#<\/td><td><a target=\"_blank\" rel=\"noreferrer noopener\" href=\"https:\/\/business.safety.google\/privacy\/\">Google<\/a><\/td><td>Utilizzato per inviare dati a Google Analytics in merito al dispositivo e al comportamento dell&#8217;utente. Tiene traccia dell&#8217;utente su dispositivi e canali di marketing.<\/td><td>2 anni<\/td><td>Cookie HTTP<\/td><\/tr><\/tbody><\/table><\/figure><p>Cookie di profilazione<\/p><p><a>A questa tipologia di cookie appartengono quelli che vengono collocati sul Sito da terze parti mediante l\u2019integrazione di alcune funzionalit\u00e0 del Sito stesso con le piattaforme\/siti web delle terze parti interessate.<\/a><\/p><p>Il consenso all\u2019installazione dei cookie appartenenti a questa categoria \u00e8 <strong>facoltativo <\/strong>e un eventuale rifiuto non pregiudica in alcun modo il corretto e regolare funzionamento del Sito. Qualora inoltre, a seguito dell\u2019attivazione, si abbia intenzione di disattivare uno o pi\u00f9 dei cookie appartenenti a questa categoria si invita a seguire le istruzioni di seguito riportate.<\/p><figure class=\"wp-block-table\"><table class=\"has-fixed-layout\"><thead><tr><th>Nome<\/th><th>Fornitore<\/th><th>Scopo<\/th><th>Durata massima di archiviazione<\/th><th>Tipo<\/th><\/tr><\/thead><tbody><tr><td>wp-wpml_current_language<\/td><td>compassodorointernational.com<\/td><td>Determina il prefisso internazionale calcolato sulla base dell&#8217;indirizzo IP dell&#8217;utente. Utilizzato per determinare quale lingua deve essere utilizzata per utenti.<\/td><td>Sessione<\/td><td>Cookie HTTP<\/td><\/tr><\/tbody><\/table><\/figure><p>Informazioni relative alle terze parti<\/p><p>Per quanto riguarda i cookie di terze parti utilizzati sul Sito, di seguito vengono riportate le informazioni generali su tali terze parti.<\/p><p><strong>Devo accettare i cookie?<\/strong><\/p><p>Ad eccezione dei&nbsp;cookietecnici e\/o analitici prima parte e\/o analitici terze parti, strettamente necessari alla normale navigazione sul Sito, il conferimento dei dati \u00e8 rimesso alla volont\u00e0 dell\u2019interessato, dopo aver preso visione dell&#8217;informativa breve contenuta nell\u2019apposito&nbsp;<em>banner<\/em>. L&#8217;interessato pu\u00f2, quindi, evitare l&#8217;installazione dei&nbsp;cookie di profilazione&nbsp;chiudendo il&nbsp;<em>banner<\/em>&nbsp;nonch\u00e9 attraverso le apposite funzioni messe a disposizione nella presente informativa o attraverso il proprio&nbsp;<em>browser<\/em>.<\/p><p>ADI, secondo la normativa vigente, non \u00e8 tenuta a chiedere il consenso dell\u2019Utente in relazione all\u2019utilizzo dei cookie tecnici e\/o analitici di prima parte o di terze parti, in quanto necessari a fornire i servizi richiesti tramite la navigazione sul Sito. Questi ultimi di conseguenza vengono installati automaticamente dal Sito alla prima visita da parte dell\u2019Utente, salvo la possibilit\u00e0 per quest\u2019ultimo di disabilitarli come indicato al successivo paragrafo. Per tutte le altre tipologie di cookie viene invece richiesto il consenso dell\u2019Utente tramite un banner a comparsa immediata sul Sito.&nbsp;<\/p><p>In aggiunta, l\u2019Utente pu\u00f2 esprimere o negare il proprio consenso tramite una o pi\u00f9 di una delle seguenti modalit\u00e0:<\/p><ul class=\"wp-block-list\"><li>mediante accesso e modifica delle impostazioni del browser utilizzato per navigare sul Sito (in proposito si rinvia al paragrafo \u201c<strong>Come posso disabilitare i cookie?<\/strong>\u201d);<\/li>\n\n<li>tramite modifica delle impostazioni nell\u2019uso dei servizi di terze parti (in proposito si rinvia al paragrafo \u201c<strong>Come posso disabilitare i cookie?<\/strong>\u201d);<\/li>\n\n<li>tramite modifica delle impostazioni come descritto sotto.<\/li><\/ul><p><strong>Come posso disabilitare i cookie?<\/strong><\/p><p><a><strong>Opzioni dei browser<\/strong><\/a><\/p><p>Quasi tutti i browser per la navigazione Internet sono impostati per accettare automaticamente i cookie. L\u2019Utente pu\u00f2 modificare la configurazione predefinita e disabilitare i cookie, impostando, nell\u2019apposita scheda il livello di protezione desiderato. Sempre dalla voce \u201cOpzioni Internet\u201d del menu Strumenti, la scheda \u201cGenerale\u201d e cliccando sull\u2019apposito pulsante di cancellazione. Si riportano di seguito istruzioni di maggior dettaglio per la gestione dei cookie da parte dell\u2019Utente per i browser pi\u00f9 diffusi. Per eliminare i cookie dal browser Internet del proprio smartphone\/tablet \u00e8 necessario fare riferimento al manuale d\u2019uso del dispositivo.<\/p><ul class=\"wp-block-list\"><li><em>Google Chrome<\/em>: nel men\u00f9 selezionare Strumenti, poi Opzioni (Preferenze per i Mac), accedere ad Avanzate e dopo selezionare l\u2019opzione Privacy \u2013 Impostazione Contenuti;<\/li>\n\n<li><em>Mozilla Firefox<\/em>: per Mac nell\u2019opzione Preferenze, selezionare Privacy, accedere alla sezione \u201cMostrare cookies\u201d e per Windows nella sezione Strumenti, selezionare Opzioni, accedere a privacy e dopo configurare un\u2019opzione personalizzata per lo storico dei dati; Internet Explorer: nell\u2019opzione Strumenti, selezionare Opzioni di Internet e accedere a Privacy;<\/li>\n\n<li><em>Safari<\/em>: dal menu Preferenze, selezionare Privacy;<\/li>\n\n<li><em>Internet Explorer: f<\/em>are click sul pulsante \u201c<em>Strumenti<\/em>\u201d nella barra in alto del browser e scegliere \u201c<em>Opzioni Internet<\/em>\u201d; fare click sulla scheda \u201c<em>Privacy<\/em>\u201d e nella sezione \u201c<em>Impostazioni<\/em>\u201d, modificare il dispositivo di scorrimento in funzione dell\u2019azione desiderata per i Cookie.<\/li><\/ul><p>Si raccomanda, in ogni caso, all\u2019Utente di verificare, di volta in volta, anche le indicazioni del proprio browser.<\/p><p>Nel caso in cui l\u2019Utente decida di configurare il browser in modo da rifiutare tutti i cookies oppure rifiutare i cookies essenziali del Sito, la navigazione potrebbe essere rallentata o generare errori.<\/p><p><strong>Policy terze parti.<\/strong><\/p><p>Come indicato ai paragrafi che precedono, il Sito contiene cookie di terze parti: le terze parti dispongono di una propria informativa sulla privacy che \u00e8 diversa da quella adottata dal Sito e rispetto alla quale ADI \u00e8 del tutto estranea. Di seguito vengono riportati i collegamenti alle pagine contenenti le informative e le istruzioni specifiche delle terze parti:<\/p><p>[<\/p><p>Si raccomanda all\u2019Utente di prendere attenta visione delle informative e policies relative all\u2019utilizzo dei cookie redatte dalle terze parti e come sopra richiamate anche allo scopo di venire a conoscenza di eventuali modifiche apportate alle stesse dai rispettivi fornitori.<\/p><p>La presente Cookie Policy \u00e8 soggetta alla legge italiana.<\/p><p>Per tutto quanto qui non previsto, si rinvia all\u2019informativa sul trattamento dei dati personali \u2013 <em>privacy policy<\/em>, disponibile al seguente link: <a href=\"https:\/\/www.compassodorointernational.com\">https:\/\/www.compassodorointernational.com<\/a><\/p>","protected":false},"excerpt":{"rendered":"<p>Premessa La presente Cookie Policy \u00e8 redatta e fornita ad&#8230;<\/p>\n","protected":false},"author":1,"featured_media":0,"parent":0,"menu_order":0,"comment_status":"closed","ping_status":"closed","template":"template-privacy.php","meta":{"_acf_changed":false,"inline_featured_image":false,"footnotes":""},"class_list":["post-9","page","type-page","status-publish","hentry"],"acf":[],"yoast_head":"<!-- This site is optimized with the Yoast SEO plugin v25.0 - https:\/\/yoast.com\/wordpress\/plugins\/seo\/ -->\n<title>COOKIE POLICY DEL PRESENTE SITO WEB - Adi Compasso d&#039;oro International<\/title>\n<meta name=\"robots\" content=\"index, follow, max-snippet:-1, max-image-preview:large, max-video-preview:-1\" \/>\n<link rel=\"canonical\" href=\"https:\/\/compassodorointernational.com\/it\/cookie-policy\/\" \/>\n<meta property=\"og:locale\" content=\"it_IT\" \/>\n<meta property=\"og:type\" content=\"article\" \/>\n<meta property=\"og:title\" content=\"COOKIE POLICY DEL PRESENTE SITO WEB - Adi Compasso d&#039;oro International\" \/>\n<meta property=\"og:description\" content=\"Premessa La presente Cookie Policy \u00e8 redatta e fornita ad...\" \/>\n<meta property=\"og:url\" content=\"https:\/\/compassodorointernational.com\/it\/cookie-policy\/\" \/>\n<meta property=\"og:site_name\" content=\"Adi Compasso d&#039;oro International\" \/>\n<meta property=\"article:modified_time\" content=\"2024-11-22T08:34:37+00:00\" \/>\n<meta name=\"twitter:card\" content=\"summary_large_image\" \/>\n<meta name=\"twitter:label1\" content=\"Tempo di lettura stimato\" \/>\n\t<meta name=\"twitter:data1\" content=\"9 minuti\" \/>\n<script type=\"application\/ld+json\" class=\"yoast-schema-graph\">{\"@context\":\"https:\/\/schema.org\",\"@graph\":[{\"@type\":\"WebPage\",\"@id\":\"https:\/\/compassodorointernational.com\/it\/cookie-policy\/\",\"url\":\"https:\/\/compassodorointernational.com\/it\/cookie-policy\/\",\"name\":\"COOKIE POLICY DEL PRESENTE SITO WEB - Adi Compasso d&#039;oro International\",\"isPartOf\":{\"@id\":\"https:\/\/compassodorointernational.com\/it\/#website\"},\"datePublished\":\"2024-07-16T13:50:30+00:00\",\"dateModified\":\"2024-11-22T08:34:37+00:00\",\"breadcrumb\":{\"@id\":\"https:\/\/compassodorointernational.com\/it\/cookie-policy\/#breadcrumb\"},\"inLanguage\":\"it-IT\",\"potentialAction\":[{\"@type\":\"ReadAction\",\"target\":[\"https:\/\/compassodorointernational.com\/it\/cookie-policy\/\"]}]},{\"@type\":\"BreadcrumbList\",\"@id\":\"https:\/\/compassodorointernational.com\/it\/cookie-policy\/#breadcrumb\",\"itemListElement\":[{\"@type\":\"ListItem\",\"position\":1,\"name\":\"Home\",\"item\":\"https:\/\/compassodorointernational.com\/it\/\"},{\"@type\":\"ListItem\",\"position\":2,\"name\":\"COOKIE POLICY DEL PRESENTE SITO WEB\"}]},{\"@type\":\"WebSite\",\"@id\":\"https:\/\/compassodorointernational.com\/it\/#website\",\"url\":\"https:\/\/compassodorointernational.com\/it\/\",\"name\":\"Adi Compasso d&#039;oro International\",\"description\":\"\",\"potentialAction\":[{\"@type\":\"SearchAction\",\"target\":{\"@type\":\"EntryPoint\",\"urlTemplate\":\"https:\/\/compassodorointernational.com\/it\/?s={search_term_string}\"},\"query-input\":{\"@type\":\"PropertyValueSpecification\",\"valueRequired\":true,\"valueName\":\"search_term_string\"}}],\"inLanguage\":\"it-IT\"}]}<\/script>\n<!-- \/ Yoast SEO plugin. -->","yoast_head_json":{"title":"COOKIE POLICY DEL PRESENTE SITO WEB - Adi Compasso d&#039;oro International","robots":{"index":"index","follow":"follow","max-snippet":"max-snippet:-1","max-image-preview":"max-image-preview:large","max-video-preview":"max-video-preview:-1"},"canonical":"https:\/\/compassodorointernational.com\/it\/cookie-policy\/","og_locale":"it_IT","og_type":"article","og_title":"COOKIE POLICY DEL PRESENTE SITO WEB - Adi Compasso d&#039;oro International","og_description":"Premessa La presente Cookie Policy \u00e8 redatta e fornita ad...","og_url":"https:\/\/compassodorointernational.com\/it\/cookie-policy\/","og_site_name":"Adi Compasso d&#039;oro International","article_modified_time":"2024-11-22T08:34:37+00:00","twitter_card":"summary_large_image","twitter_misc":{"Tempo di lettura stimato":"9 minuti"},"schema":{"@context":"https:\/\/schema.org","@graph":[{"@type":"WebPage","@id":"https:\/\/compassodorointernational.com\/it\/cookie-policy\/","url":"https:\/\/compassodorointernational.com\/it\/cookie-policy\/","name":"COOKIE POLICY DEL PRESENTE SITO WEB - Adi Compasso d&#039;oro International","isPartOf":{"@id":"https:\/\/compassodorointernational.com\/it\/#website"},"datePublished":"2024-07-16T13:50:30+00:00","dateModified":"2024-11-22T08:34:37+00:00","breadcrumb":{"@id":"https:\/\/compassodorointernational.com\/it\/cookie-policy\/#breadcrumb"},"inLanguage":"it-IT","potentialAction":[{"@type":"ReadAction","target":["https:\/\/compassodorointernational.com\/it\/cookie-policy\/"]}]},{"@type":"BreadcrumbList","@id":"https:\/\/compassodorointernational.com\/it\/cookie-policy\/#breadcrumb","itemListElement":[{"@type":"ListItem","position":1,"name":"Home","item":"https:\/\/compassodorointernational.com\/it\/"},{"@type":"ListItem","position":2,"name":"COOKIE POLICY DEL PRESENTE SITO WEB"}]},{"@type":"WebSite","@id":"https:\/\/compassodorointernational.com\/it\/#website","url":"https:\/\/compassodorointernational.com\/it\/","name":"Adi Compasso d&#039;oro International","description":"","potentialAction":[{"@type":"SearchAction","target":{"@type":"EntryPoint","urlTemplate":"https:\/\/compassodorointernational.com\/it\/?s={search_term_string}"},"query-input":{"@type":"PropertyValueSpecification","valueRequired":true,"valueName":"search_term_string"}}],"inLanguage":"it-IT"}]}},"_links":{"self":[{"href":"https:\/\/compassodorointernational.com\/it\/wp-json\/wp\/v2\/pages\/9","targetHints":{"allow":["GET"]}}],"collection":[{"href":"https:\/\/compassodorointernational.com\/it\/wp-json\/wp\/v2\/pages"}],"about":[{"href":"https:\/\/compassodorointernational.com\/it\/wp-json\/wp\/v2\/types\/page"}],"author":[{"embeddable":true,"href":"https:\/\/compassodorointernational.com\/it\/wp-json\/wp\/v2\/users\/1"}],"replies":[{"embeddable":true,"href":"https:\/\/compassodorointernational.com\/it\/wp-json\/wp\/v2\/comments?post=9"}],"version-history":[{"count":5,"href":"https:\/\/compassodorointernational.com\/it\/wp-json\/wp\/v2\/pages\/9\/revisions"}],"predecessor-version":[{"id":2745,"href":"https:\/\/compassodorointernational.com\/it\/wp-json\/wp\/v2\/pages\/9\/revisions\/2745"}],"wp:attachment":[{"href":"https:\/\/compassodorointernational.com\/it\/wp-json\/wp\/v2\/media?parent=9"}],"curies":[{"name":"wp","href":"https:\/\/api.w.org\/{rel}","templated":true}]}}